{"id":98,"date":"2022-04-27T08:29:12","date_gmt":"2022-04-27T06:29:12","guid":{"rendered":"https:\/\/iku-lernatelier.ch\/?page_id=98"},"modified":"2022-04-27T08:31:37","modified_gmt":"2022-04-27T06:31:37","slug":"infos","status":"publish","type":"page","link":"https:\/\/iku-lernatelier.ch\/?page_id=98","title":{"rendered":"Infos"},"content":{"rendered":"<p>&nbsp;<\/p>\n<p>&nbsp;<\/p>\n<h3><strong>Ein neuer Internetauftritt ist am Entstehen und wird demn\u00e4chst aufgeschaltet.<\/strong><\/h3>\n<p>&nbsp;<\/p>\n<p><strong>Vielen Dank f\u00fcr das Verst\u00e4ndnis<\/strong><\/p>\n","protected":false},"excerpt":{"rendered":"<p>&nbsp; &nbsp; Ein neuer Internetauftritt ist am Entstehen und wird demn\u00e4chst aufgeschaltet. &nbsp; Vielen Dank f\u00fcr das Verst\u00e4ndnis<\/p>\n","protected":false},"author":2,"featured_media":0,"parent":0,"menu_order":0,"comment_status":"closed","ping_status":"closed","template":"","meta":{"_acf_changed":false,"footnotes":""},"class_list":["post-98","page","type-page","status-publish","hentry"],"acf":[],"_links":{"self":[{"href":"https:\/\/iku-lernatelier.ch\/index.php?rest_route=\/wp\/v2\/pages\/98","targetHints":{"allow":["GET"]}}],"collection":[{"href":"https:\/\/iku-lernatelier.ch\/index.php?rest_route=\/wp\/v2\/pages"}],"about":[{"href":"https:\/\/iku-lernatelier.ch\/index.php?rest_route=\/wp\/v2\/types\/page"}],"author":[{"embeddable":true,"href":"https:\/\/iku-lernatelier.ch\/index.php?rest_route=\/wp\/v2\/users\/2"}],"replies":[{"embeddable":true,"href":"https:\/\/iku-lernatelier.ch\/index.php?rest_route=%2Fwp%2Fv2%2Fcomments&post=98"}],"version-history":[{"count":3,"href":"https:\/\/iku-lernatelier.ch\/index.php?rest_route=\/wp\/v2\/pages\/98\/revisions"}],"predecessor-version":[{"id":102,"href":"https:\/\/iku-lernatelier.ch\/index.php?rest_route=\/wp\/v2\/pages\/98\/revisions\/102"}],"wp:attachment":[{"href":"https:\/\/iku-lernatelier.ch\/index.php?rest_route=%2Fwp%2Fv2%2Fmedia&parent=98"}],"curies":[{"name":"wp","href":"https:\/\/api.w.org\/{rel}","templated":true}]}}